{"id":19964,"date":"2026-04-08T00:36:24","date_gmt":"2026-04-08T07:36:24","guid":{"rendered":"https:\/\/puertonuevohotelyvillas.com\/may-5th-package-2\/"},"modified":"2026-04-08T00:52:12","modified_gmt":"2026-04-08T07:52:12","slug":"may-5th-package-2","status":"publish","type":"page","link":"https:\/\/puertonuevohotelyvillas.com\/en\/may-5th-package-2\/","title":{"rendered":"MAY 5TH PACKAGE"},"content":{"rendered":"<p>[vc_row full_width=&#8221;stretch_row&#8221; css=&#8221;.vc_custom_1531729276201{padding-bottom: 80px !important;}&#8221;][vc_column width=&#8221;1\/2&#8243;][vc_single_image image=&#8221;19968&#8243; img_size=&#8221;500X500&#8243;][vc_empty_space][\/vc_column][vc_column width=&#8221;1\/2&#8243;]\t\t\t<div\r\n\t\t\t\tclass=\"main_title  text-left  \">\r\n\t\t\t\t<h2 class=\"title\">MAY 5TH PACKAGE<\/h2>\r\n\t\t\t\t\t\t\t\t\t<p class=\"main_description\">Sunday, May 3rd to Tuesday, May 5th<\/p>\r\n\t\t\t\t\t\t\t<\/div>\r\n\t\t[vc_column_text]<\/p>\n<h4>Take advantage of this special promotion we have just for you!<\/h4>\n<p>&nbsp;<\/p>\n<p>INCLUDES:<\/p>\n<ul>\n<li><span data-sheets-root=\"1\">1 night accommodation in a Standard Room with Ocean View<\/span><\/li>\n<li><span data-sheets-root=\"1\">Lobster dinner for 2 at the Poseidon restaurant, including a margarita or lemonade per person. Breakfast for 2 people<\/span><\/li>\n<li><span data-sheets-root=\"1\">Breakfast for two<br \/>\n<\/span><\/li>\n<li><span data-sheets-root=\"1\">2 children under 13 stay FREE (meals not included)<\/span><\/li>\n<li><span data-sheets-root=\"1\">50% discount on additional nights from Sunday through Thursday<br \/>\n<\/span><\/li>\n<li><span data-sheets-root=\"1\">30% discount on spa treatments<\/span><\/li>\n<\/ul>\n<p>&nbsp;<\/p>\n<h2 style=\"text-align: center;\"><span style=\"color: #3366ff;\">$3,654.00 MXN*<\/span><\/h2>\n<h2 style=\"text-align: center;\"><span style=\"color: #3366ff;\">o<\/span><\/h2>\n<h2 style=\"text-align: center;\"><span style=\"color: #3366ff;\">$203.00 USD*<\/span><\/h2>\n<p>&nbsp;<\/p>\n<h6 style=\"text-align: center;\"><span data-sheets-root=\"1\">Rate covers 2 adults, includes taxes*.<\/span><\/h6>\n<h6><\/h6>\n<p>&nbsp;<\/p>\n<h3 style=\"text-align: center;\"><span style=\"color: #ff6600;\"><strong>Book Now!<\/strong><\/span><\/h3>\n<h3 style=\"text-align: center;\"><a href=\"tel:+18773151002\"><img loading=\"lazy\" decoding=\"async\" class=\"aligncenter size-medium wp-image-7809\" src=\"https:\/\/puertonuevohotelyvillas.com\/wp-content\/uploads\/2023\/09\/Bot\u00f3n-Llamar-Puerto-Nuevo-Hotel-and-Villas-300x59.jpg\" alt=\"\" width=\"300\" height=\"59\" srcset=\"https:\/\/puertonuevohotelyvillas.com\/wp-content\/uploads\/2023\/09\/Bot\u00f3n-Llamar-Puerto-Nuevo-Hotel-and-Villas-300x59.jpg 300w, https:\/\/puertonuevohotelyvillas.com\/wp-content\/uploads\/2023\/09\/Bot\u00f3n-Llamar-Puerto-Nuevo-Hotel-and-Villas-1024x201.jpg 1024w, https:\/\/puertonuevohotelyvillas.com\/wp-content\/uploads\/2023\/09\/Bot\u00f3n-Llamar-Puerto-Nuevo-Hotel-and-Villas-768x151.jpg 768w, https:\/\/puertonuevohotelyvillas.com\/wp-content\/uploads\/2023\/09\/Bot\u00f3n-Llamar-Puerto-Nuevo-Hotel-and-Villas-80x16.jpg 80w, https:\/\/puertonuevohotelyvillas.com\/wp-content\/uploads\/2023\/09\/Bot\u00f3n-Llamar-Puerto-Nuevo-Hotel-and-Villas.jpg 1070w\" sizes=\"auto, (max-width: 300px) 100vw, 300px\" \/><\/a><\/h3>\n<p>[\/vc_column_text][vc_column_text][\/vc_column_text][\/vc_column][\/vc_row][vc_row][vc_column][vc_empty_space][vc_column_text]<\/p>\n<h2 style=\"text-align: center;\"><span style=\"color: #ff6600;\">ENJOY YOUR STAY TO THE FULLEST<\/span><\/h2>\n<p>[\/vc_column_text][\/vc_column][\/vc_row][vc_row][vc_column width=&#8221;1\/3&#8243;][vc_single_image image=&#8221;12360&#8243; img_size=&#8221;500&#215;500&#8243; onclick=&#8221;link_image&#8221; title=&#8221;Live Music&#8221;][vc_column_text]<\/p>\n<p style=\"text-align: center;\"><strong>Friday and Saturday, 8:00 p.m. &#8211; 12:00 a.m. \/ Lobby Bar<\/strong><\/p>\n<p>If what you want is to enjoy good music, delicious snacks, refreshing drinks and more, our live music show in the lobby bar is the ideal option. Come join us for a night full of melodies, flavors and unforgettable moments ocean front.[\/vc_column_text][\/vc_column][vc_column width=&#8221;1\/3&#8243;][vc_single_image image=&#8221;17096&#8243; img_size=&#8221;500&#215;500&#8243; onclick=&#8221;link_image&#8221; title=&#8221;Horse Show&#8221;][vc_column_text]<\/p>\n<p style=\"text-align: center;\"><strong>Saturday, 4:00 pm &#8211; 5:00 pm \/ Stables<\/strong><\/p>\n<p>Get ready to be enveloped in an experience that awakens the senses and feeds the soul, as we let ourselves be carried away by the magic of this great show of horses and folkloric dances in front of the immense horizon of the sea.[\/vc_column_text][\/vc_column][vc_column width=&#8221;1\/3&#8243;][vc_single_image image=&#8221;17502&#8243; img_size=&#8221;500&#215;500&#8243; onclick=&#8221;link_image&#8221; title=&#8221;Pinta Caritas&#8221;][vc_column_text]<\/p>\n<p style=\"text-align: center;\"><strong>Friday and Saturday \/ Lobby<\/strong><\/p>\n<p>When you&#8217;re a child, you have the freedom to be whatever you want. Don&#8217;t miss the chance to be that superhero, that princess, or that character you&#8217;ve always dreamed of becoming. Get in character and make your dream a reality[\/vc_column_text][\/vc_column][\/vc_row][vc_row][vc_column width=&#8221;1\/3&#8243;][vc_single_image image=&#8221;17962&#8243; img_size=&#8221;500&#215;500&#8243; title=&#8221;Clown Show and More&#8221;][vc_column_text]<\/p>\n<p style=\"text-align: center;\">In our show, laughter takes center stage. From the vibrant entrance of our colorful clowns to the thrilling finale, we ensure an experience that delights everyone in the family. And to make the occasion even sweeter, indulge in the magic of the moment by savoring our delicious, soft, and fluffy cotton candy. Join us for a spectacle that will create cherished memories for your family!<\/p>\n<p>[\/vc_column_text][\/vc_column][vc_column width=&#8221;1\/3&#8243;][vc_single_image image=&#8221;12362&#8243; img_size=&#8221;500&#215;500&#8243; title=&#8221;Our Pools&#8221;][vc_column_text]<\/p>\n<p style=\"text-align: center;\"><span data-sheets-root=\"1\" data-sheets-value=\"{\" data-sheets-userformat=\"{\" data-sheets-textstyleruns=\"{\"><strong>Every day 9:00 am &#8211; 9:00 pm \/ indoor pool and main pool<\/strong><\/span><\/p>\n<p>Immerse yourself in a day of freshness and fun in our pools! Whether you choose to enjoy the sun and sea breeze in our outdoor pool with a beautiful ocean view or immerse yourself in the comfort of our indoor pool with heated water. Here, you can enjoy a pleasant dip, guaranteeing a pleasant experience at any time of the year![\/vc_column_text][\/vc_column][vc_column width=&#8221;1\/3&#8243;][vc_single_image image=&#8221;15919&#8243; img_size=&#8221;500&#215;500&#8243; onclick=&#8221;link_image&#8221; title=&#8221;Room Details&#8221;][vc_column_text]<\/p>\n<p style=\"text-align: center;\">Comfort is essential during your vacation, that is why we have this spacious 40 m2 room with ocean view offers:<\/p>\n<p style=\"text-align: left;\">\u2022King size bed or two double size beds<\/p>\n<p style=\"text-align: left;\">\u2022Full bathroom<\/p>\n<p style=\"text-align: left;\">\u2022Wi-Fi<\/p>\n<p style=\"text-align: left;\">\u2022Telephone<\/p>\n<p style=\"text-align: left;\">\u2022Satellite Television<\/p>\n<p>[\/vc_column_text][\/vc_column][\/vc_row][vc_row][vc_column width=&#8221;1\/3&#8243;][vc_single_image image=&#8221;15371&#8243; img_size=&#8221;500&#215;500&#8243; title=&#8221;Mini Zoo&#8221;][vc_column_text]<\/p>\n<p style=\"text-align: center;\"><span data-sheets-root=\"1\" data-sheets-value=\"{\"1\":2,\"2\":\"Mini ZoologiconTodos los d\u00edas 9:00 am - 5:00 pm \/ Mini Zool\u00f3giconnnYa sea que seas un amante de los animales o simplemente est\u00e9s buscando una actividad divertida para disfrutar durante tu estancia, nuestro mini zool\u00f3gico frente al mar es el destino perfecto. \u00a1Ven y \u00fanete a nosotros para una experiencia inolvidable donde la naturaleza cobra vida en cada rinc\u00f3n!\"}\" data-sheets-userformat=\"{\"2\":899,\"3\":{\"1\":0},\"4\":{\"1\":2,\"2\":16777215},\"10\":1,\"11\":4,\"12\":0}\" data-sheets-textstyleruns=\"{\"1\":0,\"2\":{\"5\":1}}\uee10{\"1\":64}\"><strong>Every day 9:00 am &#8211; 5:00 pm \/ Mini Zoo<\/strong><\/span><\/p>\n<p>Whether you love animals or just looking for a fun activity to enjoy during your stay, our oceanfront mini zoo is the perfect stop. Come and join us for an unforgettable experience where nature comes to life in every corner![\/vc_column_text][\/vc_column][vc_column width=&#8221;1\/3&#8243;][vc_single_image image=&#8221;12378&#8243; img_size=&#8221;500&#215;500&#8243; title=&#8221;Services and Amenities&#8221;][vc_column_text]<\/p>\n<p style=\"text-align: center;\"><span data-sheets-root=\"1\" data-sheets-value=\"{\"1\":2,\"2\":\"Servicios y amenidadesnPuerto Nuevo Baja, Hotel y Villas se enorgullece de ofrecer en sus instalaciones un servicio excepcional y amenidades que superan a las de cualquier otro hotel en Rosarito.n\u2022Cancha de usos m\u00faltiplesn\u2022\u00c1rea de juegos infantilesn\u2022Mini-zool\u00f3gicon\u2022Ruedo frente al marn\u2022Fogateros frente al marn\u2022Jardines frente al marn\u2022Span\u2022Wi-fin\u2022Y mucho m\u00e1s...\"}\" data-sheets-userformat=\"{\"2\":899,\"3\":{\"1\":0},\"4\":{\"1\":2,\"2\":16777215},\"10\":1,\"11\":4,\"12\":0}\" data-sheets-textstyleruns=\"{\"1\":0,\"2\":{\"5\":1}}\uee10{\"1\":23}\">Puerto Nuevo Baja, Hotel y Villas is proud to offer its facilities exceptional service and amenities that surpass those of any other hotel in Rosarito.<br \/>\n\u2022Multipurpose court<br \/>\n\u2022Children&#8217;s play area<br \/>\n\u2022Mini-zoo<br \/>\n\u2022 Rodeo ocean front<br \/>\n\u2022Fire pits facing the sea<br \/>\n\u2022Gardens facing the sea<br \/>\n\u2022Spa<br \/>\n\u2022Wifi<br \/>\n\u2022And much more&#8230;<\/span>[\/vc_column_text][\/vc_column][vc_column width=&#8221;1\/3&#8243;][\/vc_column][\/vc_row][vc_row][vc_column][vc_empty_space][vc_column_text]<\/p>\n<h3 style=\"text-align: center;\"><span style=\"color: #ff6600;\">RESTRICTIONS<\/span><\/h3>\n<p><strong>POLICY OF CHARGES FOR CHANGES AND CANCELLATION<\/strong><\/p>\n<ul>\n<li>Penalty applies if you cancel after 72 hours of the date of arrival at the hotel, penalty: First night of accommodation.<\/li>\n<li>If a date change is requested, the normal rate will be quoted.<\/li>\n<li>Cancellations must be requested in writing and signed by the reservation holder.<\/li>\n<li>Non-refundable rate, date change only applies up to 6 months from the original reservation date. It is necessary to call 3 days before your check in to change the date<\/li>\n<li>No refunds will be given for early departures, only future credit.<\/li>\n<\/ul>\n<p><strong>POLICY FOR RATE DIFFERENCES<br \/>\n<\/strong> Rate differences will not be charged, as long as the following parameters are met:<\/p>\n<ul>\n<li>The travel dates maintain the same season of initial use (High, medium or low, Sunday to Thursday or weekend)<\/li>\n<li>The same number of nights and initial passengers is maintained.<\/li>\n<li>The travel date maintains the same cycle of days of the week (Example: Sunday to Thursday)<\/li>\n<\/ul>\n<h5><span style=\"color: #ff6600;\">Does not include:<\/span><\/h5>\n<ul>\n<li>Late check out<\/li>\n<li>SPA Treatments -Visits<\/li>\n<li>Drinks<\/li>\n<li>Other foods<\/li>\n<li>Taxi service<\/li>\n<li>Fast pass<\/li>\n<li>Food for minors<\/li>\n<\/ul>\n<p>[\/vc_column_text][\/vc_column][\/vc_row][vc_row][vc_column][\/vc_column][\/vc_row]<\/p>\n","protected":false},"excerpt":{"rendered":"<p>[vc_row full_width=&#8221;stretch_row&#8221; css=&#8221;.vc_custom_1531729276201{padding-bottom: 80px !important;}&#8221;][vc_column width=&#8221;1\/2&#8243;][vc_single_image image=&#8221;19968&#8243; img_size=&#8221;500X500&#8243;][vc_empty_space][\/vc_column][vc_column width=&#8221;1\/2&#8243;][vc_column_text] Take advantage of this special promotion we have just for you! &nbsp; INCLUDES: 1 night accommodation in a Standard Room with Ocean View Lobster dinner for 2 at the Poseidon restaurant, including a margarita or lemonade per person. Breakfast for 2 people Breakfast for two 2 [&hellip;]<\/p>\n","protected":false},"author":1,"featured_media":0,"parent":0,"menu_order":0,"comment_status":"closed","ping_status":"closed","template":"","meta":{"footnotes":""},"class_list":["post-19964","page","type-page","status-publish","hentry"],"_links":{"self":[{"href":"https:\/\/puertonuevohotelyvillas.com\/en\/wp-json\/wp\/v2\/pages\/19964","targetHints":{"allow":["GET"]}}],"collection":[{"href":"https:\/\/puertonuevohotelyvillas.com\/en\/wp-json\/wp\/v2\/pages"}],"about":[{"href":"https:\/\/puertonuevohotelyvillas.com\/en\/wp-json\/wp\/v2\/types\/page"}],"author":[{"embeddable":true,"href":"https:\/\/puertonuevohotelyvillas.com\/en\/wp-json\/wp\/v2\/users\/1"}],"replies":[{"embeddable":true,"href":"https:\/\/puertonuevohotelyvillas.com\/en\/wp-json\/wp\/v2\/comments?post=19964"}],"version-history":[{"count":4,"href":"https:\/\/puertonuevohotelyvillas.com\/en\/wp-json\/wp\/v2\/pages\/19964\/revisions"}],"predecessor-version":[{"id":19970,"href":"https:\/\/puertonuevohotelyvillas.com\/en\/wp-json\/wp\/v2\/pages\/19964\/revisions\/19970"}],"wp:attachment":[{"href":"https:\/\/puertonuevohotelyvillas.com\/en\/wp-json\/wp\/v2\/media?parent=19964"}],"curies":[{"name":"wp","href":"https:\/\/api.w.org\/{rel}","templated":true}]}}