{"id":20019,"date":"2026-04-26T20:19:12","date_gmt":"2026-04-27T03:19:12","guid":{"rendered":"https:\/\/puertonuevohotelyvillas.com\/mothers-day-2026\/"},"modified":"2026-05-06T17:43:13","modified_gmt":"2026-05-07T00:43:13","slug":"mothers-day-2026","status":"publish","type":"page","link":"https:\/\/puertonuevohotelyvillas.com\/en\/mothers-day-2026\/","title":{"rendered":"MOTHER&#8217;S DAY 2026"},"content":{"rendered":"<p>[vc_row full_width=&#8221;stretch_row&#8221; css=&#8221;.vc_custom_1531729276201{padding-bottom: 80px !important;}&#8221;][vc_column width=&#8221;1\/2&#8243;][vc_single_image image=&#8221;20028&#8243; img_size=&#8221;500X500&#8243;][vc_empty_space][\/vc_column][vc_column width=&#8221;1\/2&#8243;]\t\t\t<div\r\n\t\t\t\tclass=\"main_title  text-left  \">\r\n\t\t\t\t<h2 class=\"title\">PAQUETE D\u00cdA DE LAS MADRES<\/h2>\r\n\t\t\t\t\t\t\t\t\t<p class=\"main_description\">Viernes 08 o S\u00e1bado 09 de Mayo (Una noche)<\/p>\r\n\t\t\t\t\t\t\t<\/div>\r\n\t\t[vc_column_text]<\/p>\n<h4>\u00a1Aprovecha esta promoci\u00f3n que tenemos para ti!<\/h4>\n<p>&nbsp;<\/p>\n<p>INCLUYE:<\/p>\n<ul>\n<li><span data-sheets-root=\"1\">1 Noche de hospedaje en una Habitaci\u00f3n estandar con vista al mar para 2 personas<br \/>\n<\/span><\/li>\n<li><span data-sheets-root=\"1\">Cena buffet tem\u00e1tica para 2 adultos (dependiendo el d\u00eda)<br \/>\n<\/span><\/li>\n<li><span data-sheets-root=\"1\">Desayuno al d\u00eda siguiente o brunch dominical (dependiendo el d\u00eda) para 2 personas<\/span><\/li>\n<li><span data-sheets-root=\"1\">Un masaje relajante de 30 minutos para mam\u00e1<\/span><span data-sheets-root=\"1\"><br \/>\n<\/span><\/li>\n<li><span data-sheets-root=\"1\">M\u00fasica en vivo de Trova (s\u00e1bado y domingo)<br \/>\n<\/span><\/li>\n<li><span data-sheets-root=\"1\">2 menores de 13 a\u00f1os se hospedan GRATIS (No incluye alimentos)<br \/>\n<\/span><\/li>\n<li><span data-sheets-root=\"1\">50% de descuento en noches adicionales de domingo a jueves<br \/>\n<\/span><\/li>\n<li><span data-sheets-root=\"1\">30% de descuento en La Vid Spa<\/span><\/li>\n<\/ul>\n<p>&nbsp;<\/p>\n<h2 style=\"text-align: center;\"><span style=\"color: #3366ff;\">$4,716.00 MXN<\/span><\/h2>\n<h2 style=\"text-align: center;\"><span style=\"color: #3366ff;\">o<\/span><\/h2>\n<h2 style=\"text-align: center;\"><span style=\"color: #3366ff;\">$262.00 USD*<\/span><\/h2>\n<p>&nbsp;<\/p>\n<h6 style=\"text-align: center;\"><span data-sheets-root=\"1\">&#8220;Tarifa cubre 2 adultos, incluye impuestos*<\/span><\/h6>\n<p style=\"text-align: center;\"><span data-sheets-root=\"1\">Agrega $32.28 USD por ni\u00f1o para incluir alimentos<\/span><\/p>\n<p>&nbsp;<\/p>\n<h3 style=\"text-align: center;\"><span style=\"color: #ff6600;\"><strong>\u00a1Reserva ahora!<\/strong><\/span><\/h3>\n<h3><a href=\"tel:+526616141488\"><img loading=\"lazy\" decoding=\"async\" class=\"size-medium wp-image-7802 aligncenter\" src=\"https:\/\/puertonuevohotelyvillas.com\/wp-content\/uploads\/2023\/09\/Bot\u00f3n-Llamar-Puerto-Nuevo-Hotel-y-Villas-300x59.jpg\" alt=\"\" width=\"300\" height=\"59\" srcset=\"https:\/\/puertonuevohotelyvillas.com\/wp-content\/uploads\/2023\/09\/Bot\u00f3n-Llamar-Puerto-Nuevo-Hotel-y-Villas-300x59.jpg 300w, https:\/\/puertonuevohotelyvillas.com\/wp-content\/uploads\/2023\/09\/Bot\u00f3n-Llamar-Puerto-Nuevo-Hotel-y-Villas-1024x201.jpg 1024w, https:\/\/puertonuevohotelyvillas.com\/wp-content\/uploads\/2023\/09\/Bot\u00f3n-Llamar-Puerto-Nuevo-Hotel-y-Villas-768x151.jpg 768w, https:\/\/puertonuevohotelyvillas.com\/wp-content\/uploads\/2023\/09\/Bot\u00f3n-Llamar-Puerto-Nuevo-Hotel-y-Villas-80x16.jpg 80w, https:\/\/puertonuevohotelyvillas.com\/wp-content\/uploads\/2023\/09\/Bot\u00f3n-Llamar-Puerto-Nuevo-Hotel-y-Villas.jpg 1070w\" sizes=\"auto, (max-width: 300px) 100vw, 300px\" \/><\/a><\/h3>\n<p>[\/vc_column_text][vc_column_text][\/vc_column_text][\/vc_column][\/vc_row][vc_row][vc_column][vc_empty_space][vc_column_text]<\/p>\n<h2 style=\"text-align: center;\"><span style=\"color: #ff6600;\">ELIGE TU FAVORITO<\/span><\/h2>\n<p>[\/vc_column_text][\/vc_column][\/vc_row][vc_row full_width=&#8221;stretch_row&#8221; css=&#8221;.vc_custom_1531729276201{padding-bottom: 80px !important;}&#8221;][vc_column width=&#8221;1\/2&#8243;]\t\t\t<div\r\n\t\t\t\tclass=\"main_title  text-left  \">\r\n\t\t\t\t<h2 class=\"title\">PAQUETE D\u00cdA DE LAS MADRES<\/h2>\r\n\t\t\t\t\t\t\t\t\t<p class=\"main_description\">Viernes 08 y S\u00e1bado 09 de Mayo (Dos noches)<\/p>\r\n\t\t\t\t\t\t\t<\/div>\r\n\t\t[vc_column_text]<\/p>\n<h4>\u00a1Aprovecha esta promoci\u00f3n que tenemos para ti!<\/h4>\n<p>&nbsp;<\/p>\n<p>INCLUYE:<\/p>\n<ul>\n<li><span data-sheets-root=\"1\">2 noches de hospedaje en una Habitaci\u00f3n estandar con vista al mar para 2 personas<br \/>\n<\/span><\/li>\n<li><span data-sheets-root=\"1\">Cena buffet tem\u00e1tica para 2 adultos (Viernes)<br \/>\n<\/span><\/li>\n<li><span data-sheets-root=\"1\">Desayuno al d\u00eda siguiente para 2 personas<br \/>\n<\/span><\/li>\n<li><span data-sheets-root=\"1\">Cena buffet tem\u00e1tica para 2 adultos (S\u00e1bado)<br \/>\n<\/span><\/li>\n<li><span data-sheets-root=\"1\">Desayuno brunch dominical para 2 personas, con mimosas incluidas<\/span><\/li>\n<li><span data-sheets-root=\"1\">Un masaje relajante de 30 minutos para mam\u00e1<br \/>\n<\/span><\/li>\n<li><span data-sheets-root=\"1\">M\u00fasica en vivo de Trova (s\u00e1bado y domingo)<br \/>\n<\/span><\/li>\n<li><span data-sheets-root=\"1\">2 menores de 13 a\u00f1os se hospedan GRATIS (No incluye alimentos)<br \/>\n<\/span><\/li>\n<li><span data-sheets-root=\"1\">50% de descuento en noches adicionales de domingo a jueves<br \/>\n<\/span><\/li>\n<li><span data-sheets-root=\"1\">30% de descuento en La Vid Spa<\/span><\/li>\n<\/ul>\n<p>&nbsp;<\/p>\n<h2 style=\"text-align: center;\"><span style=\"color: #3366ff;\">$8,370.00 MXN*<\/span><\/h2>\n<h2 style=\"text-align: center;\"><span style=\"color: #3366ff;\">o<\/span><\/h2>\n<h2 style=\"text-align: center;\"><span style=\"color: #3366ff;\">$465.00 USD*<\/span><\/h2>\n<p>&nbsp;<\/p>\n<h6 style=\"text-align: center;\">Tarifa cubre 2 adultos. Impuestos incluidos<\/h6>\n<p style=\"text-align: center;\"><span data-sheets-root=\"1\">Agrega $61.45 USD por ni\u00f1o para incluir alimentos<\/span><\/p>\n<h3><\/h3>\n<p>&nbsp;<\/p>\n<h3 style=\"text-align: center;\"><span style=\"color: #ff6600;\"><strong>\u00a1Reserva ahora!<\/strong><\/span><\/h3>\n<h3><a href=\"tel:+526616141488\"><img loading=\"lazy\" decoding=\"async\" class=\"size-medium wp-image-7802 aligncenter\" src=\"https:\/\/puertonuevohotelyvillas.com\/wp-content\/uploads\/2023\/09\/Bot\u00f3n-Llamar-Puerto-Nuevo-Hotel-y-Villas-300x59.jpg\" alt=\"\" width=\"300\" height=\"59\" srcset=\"https:\/\/puertonuevohotelyvillas.com\/wp-content\/uploads\/2023\/09\/Bot\u00f3n-Llamar-Puerto-Nuevo-Hotel-y-Villas-300x59.jpg 300w, https:\/\/puertonuevohotelyvillas.com\/wp-content\/uploads\/2023\/09\/Bot\u00f3n-Llamar-Puerto-Nuevo-Hotel-y-Villas-1024x201.jpg 1024w, https:\/\/puertonuevohotelyvillas.com\/wp-content\/uploads\/2023\/09\/Bot\u00f3n-Llamar-Puerto-Nuevo-Hotel-y-Villas-768x151.jpg 768w, https:\/\/puertonuevohotelyvillas.com\/wp-content\/uploads\/2023\/09\/Bot\u00f3n-Llamar-Puerto-Nuevo-Hotel-y-Villas-80x16.jpg 80w, https:\/\/puertonuevohotelyvillas.com\/wp-content\/uploads\/2023\/09\/Bot\u00f3n-Llamar-Puerto-Nuevo-Hotel-y-Villas.jpg 1070w\" sizes=\"auto, (max-width: 300px) 100vw, 300px\" \/><\/a><\/h3>\n<p>[\/vc_column_text][vc_empty_space][\/vc_column][vc_column width=&#8221;1\/2&#8243;]\t\t\t<div\r\n\t\t\t\tclass=\"main_title  text-left  \">\r\n\t\t\t\t<h2 class=\"title\">PAQUETE D\u00cdA DE LAS MADRES<\/h2>\r\n\t\t\t\t\t\t\t\t\t<p class=\"main_description\">Domingo 10 de Mayo<\/p>\r\n\t\t\t\t\t\t\t<\/div>\r\n\t\t[vc_column_text]<\/p>\n<h4>\u00a1Aprovecha esta promoci\u00f3n que tenemos para ti!<\/h4>\n<p>&nbsp;<\/p>\n<p>INCLUYE:<\/p>\n<ul>\n<li><span data-sheets-root=\"1\">1 noche de hospedaje en Habitaci\u00f3n est\u00e1ndar con vista al mar<\/span><\/li>\n<li><span data-sheets-root=\"1\">Cena langosta para 2 en restaurant \u201cPoseidon\u201d en Puerto Nuevo con 1 margarita por persona incluida.<\/span><\/li>\n<li><span data-sheets-root=\"1\">Desayuno para 2 personas al d\u00eda siguiente<\/span><span data-sheets-root=\"1\"><br \/>\n<\/span><\/li>\n<li><span data-sheets-root=\"1\">2 menores de 13 a\u00f1os se hospedan GRATIS (No incluye alimentos)<br \/>\n<\/span><\/li>\n<li><span data-sheets-root=\"1\">50% de descuento en noches adicionales de domingo a jueves<br \/>\n<\/span><\/li>\n<li><span data-sheets-root=\"1\">30% de descuento en La Vid Spa<\/span><\/li>\n<\/ul>\n<p>&nbsp;<\/p>\n<p>&nbsp;<\/p>\n<p>&nbsp;<\/p>\n<p>&nbsp;<\/p>\n<h2 style=\"text-align: center;\"><span style=\"color: #3366ff;\">$3,654.00 MXN*<\/span><\/h2>\n<h2 style=\"text-align: center;\"><span style=\"color: #3366ff;\">o<\/span><\/h2>\n<h2 style=\"text-align: center;\"><span style=\"color: #3366ff;\">$203.00 USD*<\/span><\/h2>\n<p>&nbsp;<\/p>\n<h6 style=\"text-align: center;\">Tarifa cubre 2 adultos. Impuestos incluidos<\/h6>\n<p style=\"text-align: center;\"><span data-sheets-root=\"1\">Agrega $17.58 USD por ni\u00f1o para incluir alimentos<\/span><\/p>\n<h6><\/h6>\n<p>&nbsp;<\/p>\n<h3 style=\"text-align: center;\"><span style=\"color: #ff6600;\"><strong>\u00a1Reserva ahora!<\/strong><\/span><\/h3>\n<h3><a href=\"tel:+526616141488\"><img loading=\"lazy\" decoding=\"async\" class=\"size-medium wp-image-7802 aligncenter\" src=\"https:\/\/puertonuevohotelyvillas.com\/wp-content\/uploads\/2023\/09\/Bot\u00f3n-Llamar-Puerto-Nuevo-Hotel-y-Villas-300x59.jpg\" alt=\"\" width=\"300\" height=\"59\" srcset=\"https:\/\/puertonuevohotelyvillas.com\/wp-content\/uploads\/2023\/09\/Bot\u00f3n-Llamar-Puerto-Nuevo-Hotel-y-Villas-300x59.jpg 300w, https:\/\/puertonuevohotelyvillas.com\/wp-content\/uploads\/2023\/09\/Bot\u00f3n-Llamar-Puerto-Nuevo-Hotel-y-Villas-1024x201.jpg 1024w, https:\/\/puertonuevohotelyvillas.com\/wp-content\/uploads\/2023\/09\/Bot\u00f3n-Llamar-Puerto-Nuevo-Hotel-y-Villas-768x151.jpg 768w, https:\/\/puertonuevohotelyvillas.com\/wp-content\/uploads\/2023\/09\/Bot\u00f3n-Llamar-Puerto-Nuevo-Hotel-y-Villas-80x16.jpg 80w, https:\/\/puertonuevohotelyvillas.com\/wp-content\/uploads\/2023\/09\/Bot\u00f3n-Llamar-Puerto-Nuevo-Hotel-y-Villas.jpg 1070w\" sizes=\"auto, (max-width: 300px) 100vw, 300px\" \/><\/a><\/h3>\n<p>[\/vc_column_text][vc_column_text][\/vc_column_text][\/vc_column][\/vc_row][vc_row][vc_column][vc_empty_space][vc_column_text]<\/p>\n<h2 style=\"text-align: center;\"><span style=\"color: #ff6600;\">DISFRUTA TU ESTAD\u00cdA AL M\u00c1XIMO<\/span><\/h2>\n<p>[\/vc_column_text][\/vc_column][\/vc_row][vc_row][vc_column width=&#8221;1\/3&#8243;][vc_single_image image=&#8221;20007&#8243; img_size=&#8221;500&#215;500&#8243; onclick=&#8221;link_image&#8221; title=&#8221;Massage for Mom \/ Spa&#8221;][vc_column_text]<\/p>\n<p style=\"text-align: center;\">Es momento para recompensar todo el esfuerzo y amor que nos brindan, reg\u00e1lale a mam\u00e1 un d\u00eda lleno de diversi\u00f3n y relajaci\u00f3n. Aprovecha nuestro paquete y dale ese descanso que tanto se merece con nuestro masaje dise\u00f1ado especialmente para ella<\/p>\n<p>[\/vc_column_text][\/vc_column][vc_column width=&#8221;1\/3&#8243;][vc_single_image image=&#8221;20009&#8243; img_size=&#8221;500&#215;500&#8243; onclick=&#8221;link_image&#8221; title=&#8221;Trovador En Vivo&#8221;][vc_column_text]<\/p>\n<p style=\"text-align: center;\"><strong>S\u00e1bado 6:30 pm &#8211; 8:30 pm, Domingo 9:00 am &#8211; 1:00 pm \/ Restaurante<br \/>\n<\/strong><br \/>\n\u00a1Consiente a mam\u00e1 con una comida frente al mar que nunca olvidar\u00e1! Disfruten el momento \u00fanico con el sonido relajante de las olas y un trovador en vivo amenizando sus canciones favoritas. Simplemente algo que no te puedes perder[\/vc_column_text][\/vc_column][vc_column width=&#8221;1\/3&#8243;][vc_single_image image=&#8221;12360&#8243; img_size=&#8221;500&#215;500&#8243; onclick=&#8221;link_image&#8221; title=&#8221;Live Music&#8221;][vc_column_text]<\/p>\n<p style=\"text-align: center;\"><strong>Viernes y S\u00e1bado 8:00pm &#8211; 12:00 am \/ Lobby bar<\/strong><\/p>\n<p>Si lo que quieres es disfrutar de buena m\u00fasica, deliciosos aperitivos, refrescantes bebidas y m\u00e1s, nuestro show de m\u00fasica en vivo en el lobby bar es la opci\u00f3n ideal. \u00a1Ven y \u00fanete a nosotros para una noche llena de melod\u00edas, sabores y momentos inolvidables frente al mar![\/vc_column_text][\/vc_column][\/vc_row][vc_row][vc_column width=&#8221;1\/3&#8243;][vc_single_image image=&#8221;17096&#8243; img_size=&#8221;500&#215;500&#8243; onclick=&#8221;link_image&#8221; title=&#8221;Horse Show&#8221;][vc_column_text]<\/p>\n<p style=\"text-align: center;\"><strong>S\u00e1bado 04 de abril, 4:00 pm &#8211; 5:00 pm \/ Caballerizas<\/strong><\/p>\n<p>Prep\u00e1rate para envolverte en una experiencia que despierta los sentidos y alimenta el alma, mientras nos dejamos llevar por la magia de este gran espect\u00e1culo de caballos y bailes folcl\u00f3ricos frente al inmenso horizonte del mar.[\/vc_column_text][\/vc_column][vc_column width=&#8221;1\/3&#8243;][vc_single_image image=&#8221;17502&#8243; img_size=&#8221;500&#215;500&#8243; title=&#8221;Face Painting&#8221;][vc_column_text]<\/p>\n<p style=\"text-align: center;\"><strong>Viernes y s\u00e1bado \/ Lobby<\/strong><\/p>\n<p>Cuando eres ni\u00f1o tienes la libertad de ser lo que tu quieras, no te pierdas la oportunidad de ser ese superheroe, esa princesa, ese personaje del que siempre haz tenido la ilusi\u00f3n de ser. Caracter\u00edzate y haz tu sue\u00f1o realidad.[\/vc_column_text][\/vc_column][vc_column width=&#8221;1\/3&#8243;][vc_single_image image=&#8221;17962&#8243; img_size=&#8221;500&#215;500&#8243; title=&#8221;Clown Show and More&#8221;][vc_column_text]<\/p>\n<p style=\"text-align: center;\"><span data-sheets-root=\"1\" data-sheets-value=\"{&quot;1&quot;:2,&quot;2&quot;:&quot;Nuestras AlbercasnTodos los d\u00edas 9:00 am - 9:00 pm \/ alberca techada y alberca principalnn\u00a1Sum\u00e9rgete en un d\u00eda de frescura y diversi\u00f3n ennnuestras albercas! Ya sea que elijas disfrutar del sol y la brisa marina en nuestra alberca al aire libre con unanhermosa vista al mar o sumergirte en el confort de nuestra alberca cubierta con agua climatizada, \u00a1Aqu\u00ed, podr\u00e1s disfrutar de unnagradable chapuz\u00f3n, garantizando una experiencia placentera en cualquier momento del a\u00f1o!&quot;}\" data-sheets-userformat=\"{&quot;2&quot;:899,&quot;3&quot;:{&quot;1&quot;:0},&quot;4&quot;:{&quot;1&quot;:2,&quot;2&quot;:16777215},&quot;10&quot;:1,&quot;11&quot;:4,&quot;12&quot;:0}\" data-sheets-textstyleruns=\"{&quot;1&quot;:0,&quot;2&quot;:{&quot;5&quot;:1}}\uee10{&quot;1&quot;:88}\"><strong>Sabado 5:00 pm &#8211; 7:00 pm \/ Lobby bar<br \/>\n<\/strong><\/span><\/p>\n<p>En nuestro espect\u00e1culo, la risa es la protagonista principal. Desde el momento en que nuestros coloridos payasos hacen su entrada triunfal hasta el \u00faltimo acto emocionante, te garantizamos momentos de diversi\u00f3n inolvidables para toda la familia. Adem\u00e1s endulza el momento y disfruta de este magn\u00edfico show degustando un delicioso, suave y esponjoso algod\u00f3n de az\u00facar.[\/vc_column_text][\/vc_column][\/vc_row][vc_row][vc_column width=&#8221;1\/3&#8243;][vc_single_image image=&#8221;12362&#8243; img_size=&#8221;500&#215;500&#8243; title=&#8221;Our Pools&#8221;][vc_column_text]<\/p>\n<p style=\"text-align: center;\"><span data-sheets-root=\"1\" data-sheets-value=\"{&quot;1&quot;:2,&quot;2&quot;:&quot;Nuestras AlbercasnTodos los d\u00edas 9:00 am - 9:00 pm \/ alberca techada y alberca principalnn\u00a1Sum\u00e9rgete en un d\u00eda de frescura y diversi\u00f3n ennnuestras albercas! Ya sea que elijas disfrutar del sol y la brisa marina en nuestra alberca al aire libre con unanhermosa vista al mar o sumergirte en el confort de nuestra alberca cubierta con agua climatizada, \u00a1Aqu\u00ed, podr\u00e1s disfrutar de unnagradable chapuz\u00f3n, garantizando una experiencia placentera en cualquier momento del a\u00f1o!&quot;}\" data-sheets-userformat=\"{&quot;2&quot;:899,&quot;3&quot;:{&quot;1&quot;:0},&quot;4&quot;:{&quot;1&quot;:2,&quot;2&quot;:16777215},&quot;10&quot;:1,&quot;11&quot;:4,&quot;12&quot;:0}\" data-sheets-textstyleruns=\"{&quot;1&quot;:0,&quot;2&quot;:{&quot;5&quot;:1}}\uee10{&quot;1&quot;:88}\"><strong>Todos los d\u00edas 9:00 am &#8211; 9:00 pm \/ alberca techada y alberca principal<\/strong><\/span><\/p>\n<p>\u00a1Sum\u00e9rgete en un d\u00eda de frescura y diversi\u00f3n en<br \/>\nnuestras albercas! Ya sea que elijas disfrutar del sol y la brisa marina en nuestra alberca al aire libre con una<br \/>\nhermosa vista al mar o sumergirte en el confort de nuestra alberca cubierta con agua climatizada, \u00a1Aqu\u00ed, podr\u00e1s disfrutar de un agradable chapuz\u00f3n, garantizando una experiencia placentera en cualquier momento del a\u00f1o![\/vc_column_text][\/vc_column][vc_column width=&#8221;1\/3&#8243;][vc_single_image image=&#8221;12356&#8243; img_size=&#8221;500&#215;500&#8243; onclick=&#8221;link_image&#8221; title=&#8221;Room Details&#8221;][vc_column_text]<\/p>\n<p style=\"text-align: center;\">La comodidad es indispensable durante tus vacaciones, es por ello que tenemos esta espaciosa habitaci\u00f3n con vista al mar de 40 m2 ofrece:<\/p>\n<p style=\"text-align: left;\">\u2022Cama tama\u00f1o King size o dos camas tama\u00f1o matrimonial<\/p>\n<p style=\"text-align: left;\">\u2022Ba\u00f1o Completo<\/p>\n<p style=\"text-align: left;\">\u2022Wi-Fi<\/p>\n<p style=\"text-align: left;\">\u2022Tel\u00e9fono<\/p>\n<p style=\"text-align: left;\">\u2022Televisi\u00f3n Satelital<\/p>\n<p>[\/vc_column_text][\/vc_column][vc_column width=&#8221;1\/3&#8243;][vc_single_image image=&#8221;15371&#8243; img_size=&#8221;500&#215;500&#8243; title=&#8221;Mini Zoo&#8221;][vc_column_text]<\/p>\n<p style=\"text-align: center;\"><span data-sheets-root=\"1\" data-sheets-value=\"{&quot;1&quot;:2,&quot;2&quot;:&quot;Mini ZoologiconTodos los d\u00edas 9:00 am - 5:00 pm \/ Mini Zool\u00f3giconnnYa sea que seas un amante de los animales o simplemente est\u00e9s buscando una actividad divertida para disfrutar durante tu estancia, nuestro mini zool\u00f3gico frente al mar es el destino perfecto. \u00a1Ven y \u00fanete a nosotros para una experiencia inolvidable donde la naturaleza cobra vida en cada rinc\u00f3n!&quot;}\" data-sheets-userformat=\"{&quot;2&quot;:899,&quot;3&quot;:{&quot;1&quot;:0},&quot;4&quot;:{&quot;1&quot;:2,&quot;2&quot;:16777215},&quot;10&quot;:1,&quot;11&quot;:4,&quot;12&quot;:0}\" data-sheets-textstyleruns=\"{&quot;1&quot;:0,&quot;2&quot;:{&quot;5&quot;:1}}\uee10{&quot;1&quot;:64}\"><strong>Todos los d\u00edas 9:00 am &#8211; 5:00 pm \/ Mini Zool\u00f3gico<\/strong><\/span><\/p>\n<p>Ya sea que seas un amante de los animales o simplemente est\u00e9s buscando una actividad divertida para disfrutar durante tu estancia, nuestro mini zool\u00f3gico frente al mar es el destino perfecto. \u00a1Ven y \u00fanete a nosotros para una experiencia inolvidable donde la naturaleza cobra vida en cada rinc\u00f3n![\/vc_column_text][\/vc_column][\/vc_row][vc_row][vc_column width=&#8221;1\/3&#8243;][\/vc_column][vc_column width=&#8221;1\/3&#8243;][vc_single_image image=&#8221;12378&#8243; img_size=&#8221;500&#215;500&#8243; title=&#8221;Services and Amenities&#8221;][vc_column_text]<\/p>\n<p style=\"text-align: center;\"><span data-sheets-root=\"1\" data-sheets-value=\"{&quot;1&quot;:2,&quot;2&quot;:&quot;Servicios y amenidadesnPuerto Nuevo Baja, Hotel y Villas se enorgullece de ofrecer en sus instalaciones un servicio excepcional y amenidades que superan a las de cualquier otro hotel en Rosarito.n\u2022Cancha de usos m\u00faltiplesn\u2022\u00c1rea de juegos infantilesn\u2022Mini-zool\u00f3gicon\u2022Ruedo frente al marn\u2022Fogateros frente al marn\u2022Jardines frente al marn\u2022Span\u2022Wi-fin\u2022Y mucho m\u00e1s...&quot;}\" data-sheets-userformat=\"{&quot;2&quot;:899,&quot;3&quot;:{&quot;1&quot;:0},&quot;4&quot;:{&quot;1&quot;:2,&quot;2&quot;:16777215},&quot;10&quot;:1,&quot;11&quot;:4,&quot;12&quot;:0}\" data-sheets-textstyleruns=\"{&quot;1&quot;:0,&quot;2&quot;:{&quot;5&quot;:1}}\uee10{&quot;1&quot;:23}\">Puerto Nuevo Baja, Hotel y Villas se enorgullece de ofrecer en sus instalaciones un servicio excepcional y amenidades que superan a las de cualquier otro hotel en Rosarito.<br \/>\n\u2022Cancha de usos m\u00faltiples<br \/>\n\u2022\u00c1rea de juegos infantiles<br \/>\n\u2022Mini-zool\u00f3gico<br \/>\n\u2022Ruedo frente al mar<br \/>\n\u2022Fogateros frente al mar<br \/>\n\u2022Jardines frente al mar<br \/>\n\u2022Spa<br \/>\n\u2022Wi-fi<br \/>\n\u2022Y mucho m\u00e1s&#8230;<\/span>[\/vc_column_text][\/vc_column][vc_column width=&#8221;1\/3&#8243;][\/vc_column][\/vc_row][vc_row][vc_column][vc_empty_space][vc_column_text]<\/p>\n<h3 style=\"text-align: center;\"><span style=\"color: #ff6600;\">RESTRICCIONES<\/span><\/h3>\n<p><strong>POL\u00cdTICA DE CARGOS POR CAMBIOS Y CANCELACI\u00d3N<\/strong><\/p>\n<ul>\n<li>Aplica penalidad si realizan la cancelaci\u00f3n posterior a 72 horas de la fecha de entrada al hotel, penalidad: Primera noche de alojamiento.<\/li>\n<li>En caso de solicitar un cambio de fecha, se cotizar\u00e1 con la tarifa normal.<\/li>\n<li>Las cancelaciones deber\u00e1n solicitarse por escrito y ser firmados por el titular de la reservaci\u00f3n.<\/li>\n<li>Tarifa no reembolsable, s\u00f3lo aplica cambio de fecha hasta 6 meses a partir de la fecha original de reservaci\u00f3n. Es necesario llamar 3 d\u00edas antes de su check in para hacer cambio de fecha<\/li>\n<li>No se dar\u00e1n reembolsos para salidas anticipadas, s\u00f3lo cr\u00e9dito a futuro.<\/li>\n<\/ul>\n<p><strong>POL\u00cdTICA POR DIFERENCIAS TARIFARIAS<br \/>\n<\/strong>No se har\u00e1n cobros de diferencias tarifarias, siempre y cuando se cumplan los siguientes par\u00e1metros:<\/p>\n<ul>\n<li>Las fechas de viaje mantienen la misma temporada de uso inicial (Alta, media o baja, domingo a jueves o fin de semana)<\/li>\n<li>Se mantiene el mismo n\u00famero de noches y pasajeros iniciales.<\/li>\n<li>La fecha de viaje mantiene el mismo ciclo de d\u00edas de la semana (Ejemplo: Domingo a jueves)<\/li>\n<\/ul>\n<h5><span style=\"color: #ff6600;\">No incluye:<\/span><\/h5>\n<ul>\n<li>Salida tard\u00eda<\/li>\n<li>Tratamientos de SPA -Visitas<\/li>\n<li>Bebidas<\/li>\n<li>Otros alimentos<\/li>\n<li>Servicio de taxi<\/li>\n<li>Fast pass<\/li>\n<li>Comida de menores<\/li>\n<\/ul>\n<p>[\/vc_column_text][\/vc_column][\/vc_row][vc_row][vc_column][\/vc_column][\/vc_row]<\/p>\n","protected":false},"excerpt":{"rendered":"<p>[vc_row full_width=&#8221;stretch_row&#8221; css=&#8221;.vc_custom_1531729276201{padding-bottom: 80px !important;}&#8221;][vc_column width=&#8221;1\/2&#8243;][vc_single_image image=&#8221;20028&#8243; img_size=&#8221;500X500&#8243;][vc_empty_space][\/vc_column][vc_column width=&#8221;1\/2&#8243;][vc_column_text] \u00a1Aprovecha esta promoci\u00f3n que tenemos para ti! &nbsp; INCLUYE: 1 Noche de hospedaje en una Habitaci\u00f3n estandar con vista al mar para 2 personas Cena buffet tem\u00e1tica para 2 adultos (dependiendo el d\u00eda) Desayuno al d\u00eda siguiente o brunch dominical (dependiendo el d\u00eda) para 2 personas [&hellip;]<\/p>\n","protected":false},"author":1,"featured_media":0,"parent":0,"menu_order":0,"comment_status":"closed","ping_status":"closed","template":"","meta":{"footnotes":""},"class_list":["post-20019","page","type-page","status-publish","hentry"],"_links":{"self":[{"href":"https:\/\/puertonuevohotelyvillas.com\/en\/wp-json\/wp\/v2\/pages\/20019","targetHints":{"allow":["GET"]}}],"collection":[{"href":"https:\/\/puertonuevohotelyvillas.com\/en\/wp-json\/wp\/v2\/pages"}],"about":[{"href":"https:\/\/puertonuevohotelyvillas.com\/en\/wp-json\/wp\/v2\/types\/page"}],"author":[{"embeddable":true,"href":"https:\/\/puertonuevohotelyvillas.com\/en\/wp-json\/wp\/v2\/users\/1"}],"replies":[{"embeddable":true,"href":"https:\/\/puertonuevohotelyvillas.com\/en\/wp-json\/wp\/v2\/comments?post=20019"}],"version-history":[{"count":10,"href":"https:\/\/puertonuevohotelyvillas.com\/en\/wp-json\/wp\/v2\/pages\/20019\/revisions"}],"predecessor-version":[{"id":20078,"href":"https:\/\/puertonuevohotelyvillas.com\/en\/wp-json\/wp\/v2\/pages\/20019\/revisions\/20078"}],"wp:attachment":[{"href":"https:\/\/puertonuevohotelyvillas.com\/en\/wp-json\/wp\/v2\/media?parent=20019"}],"curies":[{"name":"wp","href":"https:\/\/api.w.org\/{rel}","templated":true}]}}